{"id":9813,"date":"2025-06-16T16:38:56","date_gmt":"2025-06-16T16:38:56","guid":{"rendered":"https:\/\/callapr.today\/?page_id=9813"},"modified":"2025-06-17T20:25:36","modified_gmt":"2025-06-17T20:25:36","slug":"services","status":"publish","type":"page","link":"https:\/\/callapr.today\/es\/services\/","title":{"rendered":"Servicios"},"content":{"rendered":"<div class=\"wpb-content-wrapper\"><div id=\"services\" data-vc-full-width=\"true\" data-vc-full-width-init=\"false\" class=\"vc_row wpb_row vc_row-fluid vc_custom_1750092227238 vc_row-has-fill wd-rs-685049bc7b1d9\"><div class=\"wpb_column vc_column_container vc_col-sm-12\"><div class=\"vc_column-inner vc_custom_1620653087195\"><div class=\"wpb_wrapper\">\n\t\t<div id=\"wd-6846850b9c4da\" class=\"title-wrapper wd-wpb wd-set-mb reset-last-child  wd-rs-6846850b9c4da wd-title-color-primary wd-title-style-default text-center  wd-underline-colored\">\n\t\t\t\n\t\t\t<div class=\"liner-continer\">\n\t\t\t\t<h4 class=\"woodmart-title-container title  wd-font-weight- wd-fontsize-xxxl\" >Nuestra <u>Servicios<\/u> Incluya<\/h4>\n\t\t\t\t\t\t\t<\/div>\n\t\t\t\n\t\t\t\n\t\t\t\n\t\t<\/div>\n\t\t\n\t\t\t\t<div id=\"wd-684684de525ac\" class=\"wd-timeline-wrapper wd-item-default wd-line-dashed wd-rs-684684de525ac vc_custom_1749452003158\">\n\t\t\t<div class=\"woodmart-timeline-line\">\n\t\t\t\t<span class=\"line-dot dot-start\"><\/span>\n\t\t\t\t<span class=\"line-dot dot-end\"><\/span>\n\t\t\t<\/div>\n\t\t\t<div class=\"wd-timeline\">\n\t\t\t\t\t\t<div id=\"wd-684683c10d42e\" class=\"wd-timeline-item wd-item-position-left\">\n\n\t\t\t<div class=\"woodmart-timeline-dot\"><\/div>\n\n\t\t\t<div class=\"timeline-col timeline-col-primary\">\n\t\t\t\t<span class=\"timeline-arrow\"><\/span>\n\t\t\t\t\t\t\t\t<h4 class=\"wd-timeline-title\"><\/h4>\n\t\t\t\t<div class=\"wd-timeline-content wd-set-mb reset-last-child\"><\/p>\n<h2><span style=\"color: #0693da;\">01.<\/span><\/h2>\n<h2>Reformas interiores y exteriores<\/h2>\n<p>Modernizaci\u00f3n de apartamentos<br \/>\nRemodelaci\u00f3n de zonas comunes<br \/>\nMejoras en el vest\u00edbulo y los pasillos<br \/>\nFachadas y mejoras exteriores<\/div>\n\t\t\t<\/div>\n\n\t\t\t<div class=\"timeline-col timeline-col-secondary\">\t\n\t\t\t\t<span class=\"timeline-arrow\"><\/span>\n\t\t\t\t\t\t\t\t\t<div class=\"wd-timeline-image\" >\n\t\t\t\t\t\t<img loading=\"lazy\" decoding=\"async\" width=\"500\" height=\"300\" src=\"https:\/\/callapr.today\/wp-content\/uploads\/2025\/06\/image7.webp\" class=\"attachment-full size-full\" alt=\"\" srcset=\"https:\/\/callapr.today\/wp-content\/uploads\/2025\/06\/image7.webp 500w, https:\/\/callapr.today\/wp-content\/uploads\/2025\/06\/image7-400x240.webp 400w, https:\/\/callapr.today\/wp-content\/uploads\/2025\/06\/image7-430x258.webp 430w, https:\/\/callapr.today\/wp-content\/uploads\/2025\/06\/image7-150x90.webp 150w\" sizes=\"auto, (max-width: 500px) 100vw, 500px\" \/>\t\t\t\t\t<\/div>\n\t\t\t\t\t\t\t\t<h4 class=\"wd-timeline-title\"><\/h4>\n\t\t\t\t<div class=\"wd-timeline-content wd-set-mb reset-last-child\"><\/div>\n\t\t\t<\/div>\n\t\t\t\t\t<\/div>\n\t\t\t\t<div id=\"wd-684683ca2d16e\" class=\"wd-timeline-item wd-item-position-right\">\n\n\t\t\t<div class=\"woodmart-timeline-dot\"><\/div>\n\n\t\t\t<div class=\"timeline-col timeline-col-primary\">\n\t\t\t\t<span class=\"timeline-arrow\"><\/span>\n\t\t\t\t\t\t\t\t<h4 class=\"wd-timeline-title\"><\/h4>\n\t\t\t\t<div class=\"wd-timeline-content wd-set-mb reset-last-child\"><\/p>\n<h2><span style=\"color: #0693da;\">02.<\/span><\/h2>\n<h2>Mantenimiento general y reparaciones<\/h2>\n<p>Reparaciones de fontaner\u00eda y electricidad<br \/>\nMantenimiento del sistema HVAC<br \/>\nReparaci\u00f3n de tejados y canalones<br \/>\nSustituci\u00f3n de puertas y ventanas<\/div>\n\t\t\t<\/div>\n\n\t\t\t<div class=\"timeline-col timeline-col-secondary\">\t\n\t\t\t\t<span class=\"timeline-arrow\"><\/span>\n\t\t\t\t\t\t\t\t\t<div class=\"wd-timeline-image\" >\n\t\t\t\t\t\t<img loading=\"lazy\" decoding=\"async\" width=\"500\" height=\"300\" src=\"https:\/\/callapr.today\/wp-content\/uploads\/2025\/06\/image4-1.webp\" class=\"attachment-full size-full\" alt=\"\" srcset=\"https:\/\/callapr.today\/wp-content\/uploads\/2025\/06\/image4-1.webp 500w, https:\/\/callapr.today\/wp-content\/uploads\/2025\/06\/image4-1-400x240.webp 400w, https:\/\/callapr.today\/wp-content\/uploads\/2025\/06\/image4-1-430x258.webp 430w, https:\/\/callapr.today\/wp-content\/uploads\/2025\/06\/image4-1-150x90.webp 150w\" sizes=\"auto, (max-width: 500px) 100vw, 500px\" \/>\t\t\t\t\t<\/div>\n\t\t\t\t\t\t\t\t<h4 class=\"wd-timeline-title\"><\/h4>\n\t\t\t\t<div class=\"wd-timeline-content wd-set-mb reset-last-child\"><\/div>\n\t\t\t<\/div>\n\t\t\t\t\t<\/div>\n\t\t\t\t<div id=\"wd-684683dc3932b\" class=\"wd-timeline-item wd-item-position-left\">\n\n\t\t\t<div class=\"woodmart-timeline-dot\"><\/div>\n\n\t\t\t<div class=\"timeline-col timeline-col-primary\">\n\t\t\t\t<span class=\"timeline-arrow\"><\/span>\n\t\t\t\t\t\t\t\t<h4 class=\"wd-timeline-title\"><\/h4>\n\t\t\t\t<div class=\"wd-timeline-content wd-set-mb reset-last-child\"><\/p>\n<h2><span style=\"color: #0693da;\">03.<\/span><\/h2>\n<h2>Pintura y acabado<\/h2>\n<p>Pintura interior y exterior<br \/>\nInstalaci\u00f3n y reparaci\u00f3n de paneles de yeso<br \/>\nInstalaci\u00f3n de suelos (moqueta, baldosa, madera)<\/div>\n\t\t\t<\/div>\n\n\t\t\t<div class=\"timeline-col timeline-col-secondary\">\t\n\t\t\t\t<span class=\"timeline-arrow\"><\/span>\n\t\t\t\t\t\t\t\t\t<div class=\"wd-timeline-image\" >\n\t\t\t\t\t\t<img loading=\"lazy\" decoding=\"async\" width=\"500\" height=\"300\" src=\"https:\/\/callapr.today\/wp-content\/uploads\/2025\/06\/image1-1.webp\" class=\"attachment-full size-full\" alt=\"\" srcset=\"https:\/\/callapr.today\/wp-content\/uploads\/2025\/06\/image1-1.webp 500w, https:\/\/callapr.today\/wp-content\/uploads\/2025\/06\/image1-1-400x240.webp 400w, https:\/\/callapr.today\/wp-content\/uploads\/2025\/06\/image1-1-430x258.webp 430w, https:\/\/callapr.today\/wp-content\/uploads\/2025\/06\/image1-1-150x90.webp 150w\" sizes=\"auto, (max-width: 500px) 100vw, 500px\" \/>\t\t\t\t\t<\/div>\n\t\t\t\t\t\t\t\t<h4 class=\"wd-timeline-title\"><\/h4>\n\t\t\t\t<div class=\"wd-timeline-content wd-set-mb reset-last-child\"><\/div>\n\t\t\t<\/div>\n\t\t\t\t\t<\/div>\n\t\t\t\t<div id=\"wd-684683e6d6597\" class=\"wd-timeline-item wd-item-position-right\">\n\n\t\t\t<div class=\"woodmart-timeline-dot\"><\/div>\n\n\t\t\t<div class=\"timeline-col timeline-col-primary\">\n\t\t\t\t<span class=\"timeline-arrow\"><\/span>\n\t\t\t\t\t\t\t\t<h4 class=\"wd-timeline-title\"><\/h4>\n\t\t\t\t<div class=\"wd-timeline-content wd-set-mb reset-last-child\"><\/p>\n<h2><span style=\"color: #0693da;\">04.<\/span><\/h2>\n<h2>Remodelaci\u00f3n de ba\u00f1os y cocinas<\/h2>\n<p>Modernizaci\u00f3n de instalaciones y electrodom\u00e9sticos<br \/>\nInstalaci\u00f3n de armarios y encimeras<br \/>\nInstalaci\u00f3n de azulejos y salpicaderos<\/p>\n<div id=\"gtx-trans\" style=\"position: absolute; left: 258px; top: 173.324px;\">\n<div class=\"gtx-trans-icon\"><\/div>\n<\/div>\n<p><\/div>\n\t\t\t<\/div>\n\n\t\t\t<div class=\"timeline-col timeline-col-secondary\">\t\n\t\t\t\t<span class=\"timeline-arrow\"><\/span>\n\t\t\t\t\t\t\t\t\t<div class=\"wd-timeline-image\" >\n\t\t\t\t\t\t<img loading=\"lazy\" decoding=\"async\" width=\"500\" height=\"300\" src=\"https:\/\/callapr.today\/wp-content\/uploads\/2025\/06\/image5-2.webp\" class=\"attachment-full size-full\" alt=\"\" srcset=\"https:\/\/callapr.today\/wp-content\/uploads\/2025\/06\/image5-2.webp 500w, https:\/\/callapr.today\/wp-content\/uploads\/2025\/06\/image5-2-400x240.webp 400w, https:\/\/callapr.today\/wp-content\/uploads\/2025\/06\/image5-2-430x258.webp 430w, https:\/\/callapr.today\/wp-content\/uploads\/2025\/06\/image5-2-150x90.webp 150w\" sizes=\"auto, (max-width: 500px) 100vw, 500px\" \/>\t\t\t\t\t<\/div>\n\t\t\t\t\t\t\t\t<h4 class=\"wd-timeline-title\"><\/h4>\n\t\t\t\t<div class=\"wd-timeline-content wd-set-mb reset-last-child\"><\/div>\n\t\t\t<\/div>\n\t\t\t\t\t<\/div>\n\t\t\t\t<div id=\"wd-684683f3a4a21\" class=\"wd-timeline-item wd-item-position-left\">\n\n\t\t\t<div class=\"woodmart-timeline-dot\"><\/div>\n\n\t\t\t<div class=\"timeline-col timeline-col-primary\">\n\t\t\t\t<span class=\"timeline-arrow\"><\/span>\n\t\t\t\t\t\t\t\t<h4 class=\"wd-timeline-title\"><\/h4>\n\t\t\t\t<div class=\"wd-timeline-content wd-set-mb reset-last-child\"><\/p>\n<h2><span style=\"color: #0693da;\">05.<\/span><\/h2>\n<h2>Mejoras de seguridad y conformidad<\/h2>\n<p>Instalaci\u00f3n y mantenimiento de sistemas de seguridad contra incendios<br \/>\nModificaciones para el cumplimiento de la ADA<br \/>\nInstalaciones de sistemas de seguridad<\/div>\n\t\t\t<\/div>\n\n\t\t\t<div class=\"timeline-col timeline-col-secondary\">\t\n\t\t\t\t<span class=\"timeline-arrow\"><\/span>\n\t\t\t\t\t\t\t\t\t<div class=\"wd-timeline-image\" >\n\t\t\t\t\t\t<img loading=\"lazy\" decoding=\"async\" width=\"500\" height=\"300\" src=\"https:\/\/callapr.today\/wp-content\/uploads\/2025\/06\/image2-1.webp\" class=\"attachment-full size-full\" alt=\"\" srcset=\"https:\/\/callapr.today\/wp-content\/uploads\/2025\/06\/image2-1.webp 500w, https:\/\/callapr.today\/wp-content\/uploads\/2025\/06\/image2-1-400x240.webp 400w, https:\/\/callapr.today\/wp-content\/uploads\/2025\/06\/image2-1-430x258.webp 430w, https:\/\/callapr.today\/wp-content\/uploads\/2025\/06\/image2-1-150x90.webp 150w\" sizes=\"auto, (max-width: 500px) 100vw, 500px\" \/>\t\t\t\t\t<\/div>\n\t\t\t\t\t\t\t\t<h4 class=\"wd-timeline-title\"><\/h4>\n\t\t\t\t<div class=\"wd-timeline-content wd-set-mb reset-last-child\"><\/div>\n\t\t\t<\/div>\n\t\t\t\t\t<\/div>\n\t\t\t\t<div id=\"wd-684683fc8c8be\" class=\"wd-timeline-item wd-item-position-right\">\n\n\t\t\t<div class=\"woodmart-timeline-dot\"><\/div>\n\n\t\t\t<div class=\"timeline-col timeline-col-primary\">\n\t\t\t\t<span class=\"timeline-arrow\"><\/span>\n\t\t\t\t\t\t\t\t<h4 class=\"wd-timeline-title\"><\/h4>\n\t\t\t\t<div class=\"wd-timeline-content wd-set-mb reset-last-child\"><\/p>\n<h2><span style=\"color: #0693da;\">06.<\/span><\/h2>\n<h2>Mejoras de la eficiencia energ\u00e9tica<\/h2>\n<p>Mejoras de aislamiento<br \/>\nInstalaciones de puertas y ventanas energ\u00e9ticamente eficientes<br \/>\nConversiones de iluminaci\u00f3n LED<\/div>\n\t\t\t<\/div>\n\n\t\t\t<div class=\"timeline-col timeline-col-secondary\">\t\n\t\t\t\t<span class=\"timeline-arrow\"><\/span>\n\t\t\t\t\t\t\t\t\t<div class=\"wd-timeline-image\" >\n\t\t\t\t\t\t<img loading=\"lazy\" decoding=\"async\" width=\"500\" height=\"300\" src=\"https:\/\/callapr.today\/wp-content\/uploads\/2025\/06\/image6-1.webp\" class=\"attachment-full size-full\" alt=\"\" srcset=\"https:\/\/callapr.today\/wp-content\/uploads\/2025\/06\/image6-1.webp 500w, https:\/\/callapr.today\/wp-content\/uploads\/2025\/06\/image6-1-400x240.webp 400w, https:\/\/callapr.today\/wp-content\/uploads\/2025\/06\/image6-1-430x258.webp 430w, https:\/\/callapr.today\/wp-content\/uploads\/2025\/06\/image6-1-150x90.webp 150w\" sizes=\"auto, (max-width: 500px) 100vw, 500px\" \/>\t\t\t\t\t<\/div>\n\t\t\t\t\t\t\t\t<h4 class=\"wd-timeline-title\"><\/h4>\n\t\t\t\t<div class=\"wd-timeline-content wd-set-mb reset-last-child\"><\/div>\n\t\t\t<\/div>\n\t\t\t\t\t<\/div>\n\t\t\t\t<div id=\"wd-68468407a18fa\" class=\"wd-timeline-item wd-item-position-left\">\n\n\t\t\t<div class=\"woodmart-timeline-dot\"><\/div>\n\n\t\t\t<div class=\"timeline-col timeline-col-primary\">\n\t\t\t\t<span class=\"timeline-arrow\"><\/span>\n\t\t\t\t\t\t\t\t<h4 class=\"wd-timeline-title\"><\/h4>\n\t\t\t\t<div class=\"wd-timeline-content wd-set-mb reset-last-child\"><\/p>\n<h2><span style=\"color: #0693da;\">07.<\/span><\/h2>\n<h2>Proyectos de renovaci\u00f3n a medida<\/h2>\n<p>Soluciones adaptadas a las necesidades espec\u00edficas de cada propiedad<br \/>\nGesti\u00f3n de proyectos de principio a fin<br \/>\nOpciones asequibles para maximizar el retorno de la inversi\u00f3n<\/div>\n\t\t\t<\/div>\n\n\t\t\t<div class=\"timeline-col timeline-col-secondary\">\t\n\t\t\t\t<span class=\"timeline-arrow\"><\/span>\n\t\t\t\t\t\t\t\t\t<div class=\"wd-timeline-image\" >\n\t\t\t\t\t\t<img loading=\"lazy\" decoding=\"async\" width=\"500\" height=\"300\" src=\"https:\/\/callapr.today\/wp-content\/uploads\/2025\/06\/image-1.webp\" class=\"attachment-full size-full\" alt=\"\" srcset=\"https:\/\/callapr.today\/wp-content\/uploads\/2025\/06\/image-1.webp 500w, https:\/\/callapr.today\/wp-content\/uploads\/2025\/06\/image-1-400x240.webp 400w, https:\/\/callapr.today\/wp-content\/uploads\/2025\/06\/image-1-430x258.webp 430w, https:\/\/callapr.today\/wp-content\/uploads\/2025\/06\/image-1-150x90.webp 150w\" sizes=\"auto, (max-width: 500px) 100vw, 500px\" \/>\t\t\t\t\t<\/div>\n\t\t\t\t\t\t\t\t<h4 class=\"wd-timeline-title\"><\/h4>\n\t\t\t\t<div class=\"wd-timeline-content wd-set-mb reset-last-child\"><\/div>\n\t\t\t<\/div>\n\t\t\t\t\t<\/div>\n\t\t\t\t<div id=\"wd-6851cddc13dab\" class=\"wd-timeline-item wd-item-position-right\">\n\n\t\t\t<div class=\"woodmart-timeline-dot\"><\/div>\n\n\t\t\t<div class=\"timeline-col timeline-col-primary\">\n\t\t\t\t<span class=\"timeline-arrow\"><\/span>\n\t\t\t\t\t\t\t\t<h4 class=\"wd-timeline-title\"><\/h4>\n\t\t\t\t<div class=\"wd-timeline-content wd-set-mb reset-last-child\"><\/p>\n<h2><span style=\"color: #0693da;\">08.<\/span><\/h2>\n<h2>\u00a0<span class=\"fontstyle0\">Remodelaciones residenciales completas<\/span><\/h2>\n<p>Transforme casas enteras con mejoras estructurales y est\u00e9ticas, como reformas de cocinas, redise\u00f1os de ba\u00f1os y sustituciones de suelos.<\/p>\n<div id=\"gtx-trans\" style=\"position: absolute; left: 268px; top: 197.309px;\">\n<div class=\"gtx-trans-icon\"><\/div>\n<\/div>\n<p><\/div>\n\t\t\t<\/div>\n\n\t\t\t<div class=\"timeline-col timeline-col-secondary\">\t\n\t\t\t\t<span class=\"timeline-arrow\"><\/span>\n\t\t\t\t\t\t\t\t\t<div class=\"wd-timeline-image\" >\n\t\t\t\t\t\t<img loading=\"lazy\" decoding=\"async\" width=\"500\" height=\"300\" src=\"https:\/\/callapr.today\/wp-content\/uploads\/2025\/06\/image8.webp\" class=\"attachment-full size-full\" alt=\"\" srcset=\"https:\/\/callapr.today\/wp-content\/uploads\/2025\/06\/image8.webp 500w, https:\/\/callapr.today\/wp-content\/uploads\/2025\/06\/image8-400x240.webp 400w\" sizes=\"auto, (max-width: 500px) 100vw, 500px\" \/>\t\t\t\t\t<\/div>\n\t\t\t\t\t\t\t\t<h4 class=\"wd-timeline-title\"><\/h4>\n\t\t\t\t<div class=\"wd-timeline-content wd-set-mb reset-last-child\"><\/div>\n\t\t\t<\/div>\n\t\t\t\t\t<\/div>\n\t\t\t\t<div id=\"wd-6851cf2e14e66\" class=\"wd-timeline-item wd-item-position-left\">\n\n\t\t\t<div class=\"woodmart-timeline-dot\"><\/div>\n\n\t\t\t<div class=\"timeline-col timeline-col-primary\">\n\t\t\t\t<span class=\"timeline-arrow\"><\/span>\n\t\t\t\t\t\t\t\t<h4 class=\"wd-timeline-title\"><\/h4>\n\t\t\t\t<div class=\"wd-timeline-content wd-set-mb reset-last-child\"><\/p>\n<h2><span style=\"color: #0693da;\">09.<\/span><\/h2>\n<h2>\u00a0<span class=\"fontstyle0\">Construcci\u00f3n o acabados exteriores<\/span><\/h2>\n<p>Aumente el atractivo de la acera y la durabilidad con instalaciones de revestimientos, tejados y estructuras exteriores.<\/div>\n\t\t\t<\/div>\n\n\t\t\t<div class=\"timeline-col timeline-col-secondary\">\t\n\t\t\t\t<span class=\"timeline-arrow\"><\/span>\n\t\t\t\t\t\t\t\t\t<div class=\"wd-timeline-image\" >\n\t\t\t\t\t\t<img loading=\"lazy\" decoding=\"async\" width=\"500\" height=\"300\" src=\"https:\/\/callapr.today\/wp-content\/uploads\/2025\/06\/image21.webp\" class=\"attachment-full size-full\" alt=\"\" srcset=\"https:\/\/callapr.today\/wp-content\/uploads\/2025\/06\/image21.webp 500w, https:\/\/callapr.today\/wp-content\/uploads\/2025\/06\/image21-400x240.webp 400w\" sizes=\"auto, (max-width: 500px) 100vw, 500px\" \/>\t\t\t\t\t<\/div>\n\t\t\t\t\t\t\t\t<h4 class=\"wd-timeline-title\"><\/h4>\n\t\t\t\t<div class=\"wd-timeline-content wd-set-mb reset-last-child\"><\/div>\n\t\t\t<\/div>\n\t\t\t\t\t<\/div>\n\t\t\t\t\t<\/div>\n\t\t\t\t\t<\/div>\n\t\t<div id=\"wd-684685050b517\" class=\"wd-rs-684685050b517  wd-button-wrapper text-center\"><a href=\"https:\/\/callapr.today\/es\/contact-us\/\" title=\"P\u00f3ngase en contacto con nosotros\" class=\"btn btn-color-primary btn-style-default btn-shape-rectangle btn-size-extra-large\">Contacte con nosotros<\/a><\/div><\/div><\/div><\/div><\/div><div class=\"vc_row-full-width vc_clearfix\"><\/div>\n<\/div>","protected":false},"excerpt":{"rendered":"Our Services Include 01. Interior and Exterior Renovations Apartment unit upgrades Common area refurbishments Lobby and hallway enhancements Facade and","protected":false},"author":1,"featured_media":0,"parent":0,"menu_order":0,"comment_status":"closed","ping_status":"closed","template":"","meta":{"footnotes":""},"class_list":["post-9813","page","type-page","status-publish","hentry"],"_links":{"self":[{"href":"https:\/\/callapr.today\/es\/wp-json\/wp\/v2\/pages\/9813","targetHints":{"allow":["GET"]}}],"collection":[{"href":"https:\/\/callapr.today\/es\/wp-json\/wp\/v2\/pages"}],"about":[{"href":"https:\/\/callapr.today\/es\/wp-json\/wp\/v2\/types\/page"}],"author":[{"embeddable":true,"href":"https:\/\/callapr.today\/es\/wp-json\/wp\/v2\/users\/1"}],"replies":[{"embeddable":true,"href":"https:\/\/callapr.today\/es\/wp-json\/wp\/v2\/comments?post=9813"}],"version-history":[{"count":0,"href":"https:\/\/callapr.today\/es\/wp-json\/wp\/v2\/pages\/9813\/revisions"}],"wp:attachment":[{"href":"https:\/\/callapr.today\/es\/wp-json\/wp\/v2\/media?parent=9813"}],"curies":[{"name":"wp","href":"https:\/\/api.w.org\/{rel}","templated":true}]}}