{"id":5212,"date":"2021-08-25T07:26:28","date_gmt":"2021-08-25T07:26:28","guid":{"rendered":"http:\/\/dummy.xtemos.com\/woodmart2\/?page_id=5212"},"modified":"2025-07-08T15:39:09","modified_gmt":"2025-07-08T15:39:09","slug":"about-us","status":"publish","type":"page","link":"https:\/\/callapr.today\/es\/about-us\/","title":{"rendered":"Qui\u00e9nes somos"},"content":{"rendered":"<div class=\"wpb-content-wrapper\"><div class=\"vc_row wpb_row vc_row-fluid vc_row-o-content-middle vc_row-flex wd-rs-6846f8f3408a3\"><div class=\"wpb_column wpb_animate_when_almost_visible wpb_fadeInLeft fadeInLeft vc_column_container vc_col-sm-6 wd-rs-6846898702286\"><div class=\"vc_column-inner\"><div class=\"wpb_wrapper\">\t\t<div id=\"wd-6846f896c695c\" class=\"wd-image wd-wpb wd-rs-6846f896c695c text-left vc_custom_1749481630488\">\n\t\t\t\n\t\t\t<img loading=\"lazy\" decoding=\"async\" width=\"1000\" height=\"716\" src=\"https:\/\/callapr.today\/wp-content\/uploads\/2025\/06\/back-abs.webp\" class=\"attachment-full size-full\" alt=\"\" srcset=\"https:\/\/callapr.today\/wp-content\/uploads\/2025\/06\/back-abs.webp 1000w, https:\/\/callapr.today\/wp-content\/uploads\/2025\/06\/back-abs-400x286.webp 400w, https:\/\/callapr.today\/wp-content\/uploads\/2025\/06\/back-abs-768x550.webp 768w, https:\/\/callapr.today\/wp-content\/uploads\/2025\/06\/back-abs-430x308.webp 430w, https:\/\/callapr.today\/wp-content\/uploads\/2025\/06\/back-abs-700x501.webp 700w, https:\/\/callapr.today\/wp-content\/uploads\/2025\/06\/back-abs-150x107.webp 150w\" sizes=\"auto, (max-width: 1000px) 100vw, 1000px\" \/>\n\t\t\t\t\t<\/div>\n\t\t<\/div><\/div><\/div><div class=\"wpb_column wpb_animate_when_almost_visible wpb_fadeInRight fadeInRight vc_column_container vc_col-sm-6 wd-rs-6846f8d50067e\"><div class=\"vc_column-inner\"><div class=\"wpb_wrapper\">\n\t\t<div id=\"wd-6851ca5602355\" class=\"title-wrapper wd-wpb wd-set-mb reset-last-child  wd-rs-6851ca5602355 wd-title-color-primary wd-title-style-underlined text-left vc_custom_1750190683997 wd-underline-colored\">\n\t\t\t\t\t\t\t\n\t\t\t\t<div class=\"title-subtitle  subtitle-color-primary font-default subtitle-style-default wd-font-weight-600 wd-fontsize-xs\">Acerca de Apex Precision Renovations (APR)<\/div>\n\t\t\t\n\t\t\t<div class=\"liner-continer\">\n\t\t\t\t<h4 class=\"woodmart-title-container title  wd-font-weight- wd-fontsize-xxl\" >Qui\u00e9nes somos<\/h4>\n\t\t\t\t\t\t\t<\/div>\n\t\t\t\n\t\t\t\n\t\t\t\n\t\t<\/div>\n\t\t\n\t\t\t\t<div id=\"wd-686d3b8f520eb\" class=\"wd-text-block wd-wpb reset-last-child wd-rs-686d3b8f520eb text-left wd-fontsize-custom vc_custom_1751989146077\">\n\t\t\t<p style=\"text-align: justify;\">La confianza es la base de toda renovaci\u00f3n exitosa, y en Apex Precision Renovations, nos tomamos esa responsabilidad muy en serio. Al servicio de los condados de Hamilton y Marion, estamos comprometidos con los valores de precisi\u00f3n, transparencia y artesan\u00eda duradera que dan forma a cada proyecto que emprendemos.<\/p>\n<p style=\"text-align: justify;\">Nuestro equipo aporta experiencia e integridad a cada renovaci\u00f3n, garantizando una comunicaci\u00f3n clara, plazos realistas y materiales de alta calidad. Creemos en la colaboraci\u00f3n, trabajando estrechamente con los clientes para comprender su visi\u00f3n y ofrecer resultados que superen sus expectativas. Sin atajos ni sorpresas<\/p>\n<p style=\"text-align: justify;\">S\u00f3lo mano de obra fiable hecha para resistir el paso del tiempo. Cuando elige Apex Precision Renovations, est\u00e1 eligiendo un socio que valora la honestidad, la profesionalidad y un compromiso genuino con su espacio. Perm\u00edtanos hacer realidad su visi\u00f3n con la fiabilidad y la excelencia que se merece.<\/p>\n\t\t<\/div>\n\t\t<div class=\"vc_row wpb_row vc_inner vc_row-fluid vc_row-o-content-middle vc_row-flex\"><div class=\"wpb_column vc_column_container vc_col-sm-12 wd-rs-68466b7d26b61\"><div class=\"vc_column-inner vc_custom_1749445509103\"><div class=\"wpb_wrapper\">\t\t\t<div id=\"\" class=\"wd-rs-68466b395d7c9 wd-social-icons  wd-layout-inline wd-style-simple wd-size-default social-follow wd-shape-circle color-scheme-dark text-left\">\n\t\t\t\t\n\t\t\t\t\t\t\t\t\t<span class=\"wd-label\">S\u00edguenos:<\/span>\n\t\t\t\t\n\t\t\t\t\n\t\t\t\t\n\t\t\t\t\n\t\t\t\t\n\t\t\t\t\t\t\t\t\t<a rel=\"noopener noreferrer nofollow\" href=\"https:\/\/www.instagram.com\/apex_precision_renovations?igsh=OHd1ZnF1YmNzOWlw&#038;utm_source=qr\" target=\"_blank\" class=\"wd-social-icon social-instagram\" aria-label=\"Instagram social link\">\n\t\t\t\t\t\t<span class=\"wd-icon\"><\/span>\n\t\t\t\t\t\t\t\t\t\t\t<\/a>\n\t\t\t\t\n\t\t\t\t\n\t\t\t\t\n\t\t\t\t\n\t\t\t\t\n\t\t\t\t\n\t\t\t\t\n\t\t\t\t\n\t\t\t\t\n\t\t\t\t\n\t\t\t\t\n\t\t\t\t\n\t\t\t\t\n\t\t\t\t\n\t\t\t\t\n\t\t\t\t\n\t\t\t\t\n\t\t\t\t\n\t\t\t\t\n\t\t\t\t\n\t\t\t\t\n\t\t\t\t\n\t\t\t\t\n\t\t\t<\/div>\n\n\t\t<\/div><\/div><\/div><\/div><\/div><\/div><\/div><\/div>\n<\/div>","protected":false},"excerpt":{"rendered":"About Apex Precision Renovations (APR) Who We Are Trust is the foundation of every successful renovation, and at Apex Precision","protected":false},"author":1,"featured_media":0,"parent":0,"menu_order":0,"comment_status":"closed","ping_status":"closed","template":"","meta":{"footnotes":""},"class_list":["post-5212","page","type-page","status-publish","hentry"],"_links":{"self":[{"href":"https:\/\/callapr.today\/es\/wp-json\/wp\/v2\/pages\/5212","targetHints":{"allow":["GET"]}}],"collection":[{"href":"https:\/\/callapr.today\/es\/wp-json\/wp\/v2\/pages"}],"about":[{"href":"https:\/\/callapr.today\/es\/wp-json\/wp\/v2\/types\/page"}],"author":[{"embeddable":true,"href":"https:\/\/callapr.today\/es\/wp-json\/wp\/v2\/users\/1"}],"replies":[{"embeddable":true,"href":"https:\/\/callapr.today\/es\/wp-json\/wp\/v2\/comments?post=5212"}],"version-history":[{"count":0,"href":"https:\/\/callapr.today\/es\/wp-json\/wp\/v2\/pages\/5212\/revisions"}],"wp:attachment":[{"href":"https:\/\/callapr.today\/es\/wp-json\/wp\/v2\/media?parent=5212"}],"curies":[{"name":"wp","href":"https:\/\/api.w.org\/{rel}","templated":true}]}}