{"id":4803,"date":"2021-08-18T12:50:27","date_gmt":"2021-08-18T12:50:27","guid":{"rendered":"http:\/\/dummy.xtemos.com\/woodmart2\/?page_id=4803"},"modified":"2025-07-17T15:37:42","modified_gmt":"2025-07-17T15:37:42","slug":"home","status":"publish","type":"page","link":"https:\/\/callapr.today\/es\/","title":{"rendered":"Home"},"content":{"rendered":"<div class=\"wpb-content-wrapper\"><div id=\"Home\" data-vc-full-width=\"true\" data-vc-full-width-init=\"false\" class=\"vc_row wpb_row vc_row-fluid vc_custom_1749450892875 vc_row-has-fill wd-bg-left-top row-reverse-mobile mobile-bg-img-hidden tablet-bg-img-hidden wd-rs-684680880b10a\"><div class=\"wpb_column wpb_animate_when_almost_visible wpb_fadeInUp fadeInUp vc_column_container vc_col-sm-5 vc_col-xs-12 wd-rs-68467f2f2c5c2\"><div class=\"vc_column-inner vc_custom_1749450556641\"><div class=\"wpb_wrapper\">\t\t<div id=\"wd-68505150341e7\" class=\"wd-image wd-wpb wd-rs-68505150341e7 text-center vc_custom_1750094224535\">\n\t\t\t\n\t\t\t<img loading=\"lazy\" decoding=\"async\" width=\"600\" height=\"800\" src=\"https:\/\/callapr.today\/wp-content\/uploads\/2025\/06\/hombre-de-vista-lateral-con-equipo-de-seguridad-scaled-600x800.jpg\" class=\"attachment-600x800 size-600x800\" alt=\"\" \/>\n\t\t\t\t\t<\/div>\n\t\t<\/div><\/div><\/div><div class=\"wpb_column wpb_animate_when_almost_visible wpb_fadeInRight fadeInRight vc_column_container vc_col-sm-7 vc_col-lg-offset-1 vc_col-lg-6 vc_col-md-offset-0 vc_col-xs-12 wd-rs-68467f5f678dc\"><div class=\"vc_column-inner vc_custom_1749450600466\"><div class=\"wpb_wrapper\">\n\t\t<div id=\"wd-687918b6a18d4\" class=\"title-wrapper wd-wpb wd-set-mb reset-last-child  wd-rs-687918b6a18d4 wd-title-color-primary wd-title-style-default text-left  wd-underline-colored\">\n\t\t\t\t\t\t\t\n\t\t\t\t<div class=\"title-subtitle  subtitle-color-primary font-alt subtitle-style-default wd-font-weight-700 wd-fontsize-xs\">Convierta su visi\u00f3n en realidad con<\/div>\n\t\t\t\n\t\t\t<div class=\"liner-continer\">\n\t\t\t\t<h4 class=\"woodmart-title-container title  wd-font-weight- wd-fontsize-l\" >Apex<br \/>\nPrecision<br \/>\nRenovations<\/h4>\n\t\t\t\t\t\t\t<\/div>\n\t\t\t\n\t\t\t\n\t\t\t\n\t\t<\/div>\n\t\t\n\t\t\n\t\t<div id=\"wd-686d3fb9e8b74\" class=\"title-wrapper wd-wpb wd-set-mb reset-last-child  wd-rs-686d3fb9e8b74 wd-title-color-primary wd-title-style-default text-left  wd-title-empty wd-underline-colored\">\n\t\t\t\n\t\t\t<div class=\"liner-continer\">\n\t\t\t\t<h4 class=\"woodmart-title-container title  wd-font-weight- wd-fontsize-l\" ><\/h4>\n\t\t\t\t\t\t\t<\/div>\n\t\t\t\n\t\t\t\t\t\t\t<div class=\"title-after_title reset-last-child  wd-fontsize-xs\">Creemos que cada espacio tiene el potencial de convertirse en algo extraordinario.<\/div>\n\t\t\t\n\t\t\t\n\t\t<\/div>\n\t\t\n\t\t<\/div><\/div><\/div><\/div><div class=\"vc_row-full-width vc_clearfix\"><\/div><div id=\"Services\" class=\"vc_row wpb_row vc_row-fluid vc_custom_1749451036861 wd-rs-68468116d99fd\"><div class=\"wpb_column vc_column_container vc_col-sm-12 wd-rs-65957badab2aa\"><div class=\"vc_column-inner vc_custom_1704295347776\"><div class=\"wpb_wrapper\"><div class=\"vc_row wpb_row vc_inner vc_row-fluid vc_custom_1750089112488 vc_row-has-fill vc_row-o-content-middle vc_row-flex wd-bg-left-bottom wd-rs-68503d916a48d\"><div class=\"wpb_column vc_column_container vc_col-sm-6 vc_col-lg-7\"><div class=\"vc_column-inner vc_custom_1620647294424\"><div class=\"wpb_wrapper\">\n\t\t<div id=\"wd-6850468bce70b\" class=\"title-wrapper wd-wpb wd-set-mb reset-last-child  wd-rs-6850468bce70b wd-title-color-white wd-title-style-default text-left vc_custom_1750091410730 wd-underline-colored\">\n\t\t\t\n\t\t\t<div class=\"liner-continer\">\n\t\t\t\t<h4 class=\"woodmart-title-container title  wd-font-weight- wd-fontsize-xxl\" >Evaluaci\u00f3n gratuita de su proyecto<\/h4>\n\t\t\t\t\t\t\t<\/div>\n\t\t\t\n\t\t\t\n\t\t\t\n\t\t<\/div>\n\t\t\n\t\t<\/div><\/div><\/div><div class=\"wpb_column vc_column_container vc_col-sm-6 vc_col-lg-5 wd-rs-611d0ee4e0265\"><div class=\"vc_column-inner vc_custom_1629294310396\"><div class=\"wpb_wrapper\"><div id=\"wd-68503e4d0057e\" class=\"wd-rs-68503e4d0057e  wd-button-wrapper text-center\"><a href=\"tel:3179307222\" title=\"P\u00f3ngase en contacto con nosotros\" class=\"btn btn-color-white btn-style-default btn-shape-rectangle btn-size-default btn-full-width\">Ll\u00e1menos AHORA<\/a><\/div><\/div><\/div><\/div><\/div><\/div><\/div><\/div><\/div><div class=\"vc_row wpb_row vc_row-fluid vc_custom_1749450950061 vc_column-gap-35 vc_row-o-content-middle vc_row-flex wd-rs-684680c15c35a\"><div class=\"wpb_column vc_column_container vc_col-sm-6 reset-margin-mobile reset-margin-tablet wd-rs-68467f8352204\"><div class=\"vc_column-inner vc_custom_1749450635668\"><div class=\"wpb_wrapper\">\t\t<div class=\"wd-rs-685069f42ea88 wd-compare-img-wrapp wd-wpb vc_custom_1750100501418\">\n\t\t\t<div class=\"wd-compare-img\">\n\t\t\t\t\t\t\t\t<div class=\"wd-after-img\">\n\t\t\t\t\t<img loading=\"lazy\" decoding=\"async\" width=\"600\" height=\"750\" src=\"https:\/\/callapr.today\/wp-content\/uploads\/2025\/06\/freepik__the-style-is-candid-image-photography-with-natural__2922-600x750.jpeg\" class=\"attachment-600x750 size-600x750\" alt=\"\" \/>\t\t\t\t<\/div>\n\t\t\t\t\t\t\t<div class=\"wd-before-img\">\n\t\t\t\t\t<img loading=\"lazy\" decoding=\"async\" width=\"600\" height=\"750\" src=\"https:\/\/callapr.today\/wp-content\/uploads\/2025\/06\/ChatGPT-Image-16-jun-2025-15_00_46-600x750.png\" class=\"attachment-600x750 size-600x750\" alt=\"\" \/>\t\t\t\t<\/div>\n\t\t\t\t\t\t\t<div class=\"wd-compare-img-handle\">\n\t\t\t\t\t<span><\/span>\n\t\t\t\t<\/div>\n\t\t\t<\/div>\n\t\t<\/div>\n\t\t<\/div><\/div><\/div><div class=\"wpb_column wpb_animate_when_almost_visible wpb_fadeInRight fadeInRight vc_column_container vc_col-sm-6 wd-rs-68467b82c1801\"><div class=\"vc_column-inner vc_custom_1749449611054\"><div class=\"wpb_wrapper\">\n\t\t<div id=\"wd-6851ca0504549\" class=\"title-wrapper wd-wpb wd-set-mb reset-last-child  wd-rs-6851ca0504549 wd-title-color-primary wd-title-style-simple text-left vc_custom_1750190603216 wd-width-enabled wd-underline-colored\" style=\"--wd-max-width: 90%;\">\n\t\t\t\t\t\t\t\n\t\t\t\t<div class=\"title-subtitle  subtitle-color-primary font-alt subtitle-style-default wd-font-weight-700 wd-fontsize-m\">\u00a1Transforme su hogar con Apex Precision Renovations (APR)!<\/div>\n\t\t\t\n\t\t\t<div class=\"liner-continer\">\n\t\t\t\t<h4 class=\"woodmart-title-container title  wd-font-weight- wd-fontsize-xxxl\" >Su casa es algo m\u00e1s que un lugar<\/h4>\n\t\t\t\t\t\t\t<\/div>\n\t\t\t\n\t\t\t\n\t\t\t\n\t\t<\/div>\n\t\t\n\t\t\t\t<div id=\"wd-686d3af4547bc\" class=\"wd-text-block wd-wpb reset-last-child wd-rs-686d3af4547bc text-left\">\n\t\t\t<p style=\"text-align: justify;\"><span class=\"fontstyle0\">Es donde se crean los recuerdos y se desarrolla la vida. Si est\u00e1 listo para actualizar, mejorar<\/span><span class=\"fontstyle0\">o transformar por completo su espacio, Apex Precision <\/span><span class=\"fontstyle0\">Renovaciones es su socio de confianza para expertos residenciales y comerciales <\/span><span class=\"fontstyle0\">renovaciones.<\/span><\/p>\n<p style=\"text-align: justify;\">En Apex Precision Renovations, creemos que cada espacio tiene el potencial de convertirse en algo extraordinario. Al servicio de los condados de Hamilton y Marion, nuestro equipo se dedica a realizar renovaciones de alta calidad con precisi\u00f3n, transparencia y artesan\u00eda duradera. Ya sea que est\u00e9 transformando su hogar o revitalizando un espacio comercial, aportamos la experiencia y la atenci\u00f3n al detalle necesarias para dar vida a su visi\u00f3n. Construyamos algo excepcional<\/p>\n<p style=\"text-align: justify;\">Hecho para durar, hecho a tu medida.<\/p>\n\t\t<\/div>\n\t\t<div id=\"wd-684675765b5ab\" class=\"wd-rs-684675765b5ab  wd-button-wrapper text-left\"><a href=\"https:\/\/callapr.today\/es\/about-us\/\" title=\"Qui\u00e9nes somos\" class=\"btn btn-color-primary btn-style-default btn-shape-rectangle btn-size-default\">Seguir leyendo<\/a><\/div><\/div><\/div><\/div><\/div><div class=\"vc_row wpb_row vc_row-fluid vc_custom_1749450942355 vc_column-gap-35 vc_row-o-content-middle vc_row-flex row-reverse-mobile wd-rs-684680b608d10\"><div class=\"wpb_column wpb_animate_when_almost_visible wpb_fadeInLeft fadeInLeft vc_column_container vc_col-sm-6 wd-rs-68467baf6e84b\"><div class=\"vc_column-inner vc_custom_1749449652195\"><div class=\"wpb_wrapper\">\n\t\t<div id=\"wd-68504cd67fe41\" class=\"title-wrapper wd-wpb wd-set-mb reset-last-child  wd-rs-68504cd67fe41 wd-title-color-primary wd-title-style-simple text-left vc_custom_1750093031625 wd-underline-colored\">\n\t\t\t\n\t\t\t<div class=\"liner-continer\">\n\t\t\t\t<h4 class=\"woodmart-title-container title  wd-font-weight- wd-fontsize-xxxl\" >Presentamos APR: Su socio de confianza en la transformaci\u00f3n del hogar<\/h4>\n\t\t\t\t\t\t\t<\/div>\n\t\t\t\n\t\t\t\n\t\t\t\n\t\t<\/div>\n\t\t\n\t\t\t\t<div id=\"wd-686d3aeb37a58\" class=\"wd-text-block wd-wpb reset-last-child wd-rs-686d3aeb37a58 text-left\">\n\t\t\t<p style=\"text-align: justify;\">En APR, nos especializamos en la renovaci\u00f3n y remodelaci\u00f3n de viviendas de alta calidad, aportando artesan\u00eda, eficiencia y valor duradero a cada proyecto. Ya se trate de una actualizaci\u00f3n de la cocina moderna, una remodelaci\u00f3n de ba\u00f1o de lujo, o una transformaci\u00f3n completa de la casa, nuestro experimentado equipo se asegura de que cada detalle se alinea con su visi\u00f3n.<\/p>\n\t\t<\/div>\n\t\t<div id=\"wd-68504bc46f39e\" class=\"wd-rs-68504bc46f39e  wd-button-wrapper text-left\"><a href=\"https:\/\/callapr.today\/es\/services\/\" title=\"\" class=\"btn btn-color-primary btn-style-default btn-shape-rectangle btn-size-default\">Servicios<\/a><\/div><\/div><\/div><\/div><div class=\"wpb_column vc_column_container vc_col-sm-6 wd-rs-68468174e4499\"><div class=\"vc_column-inner vc_custom_1749451131905\"><div class=\"wpb_wrapper\">\t\t<div id=\"wd-68467b005b789\" class=\"wd-image wd-wpb wd-rs-68467b005b789 text-center vc_custom_1749449473539\">\n\t\t\t\n\t\t\t<img loading=\"lazy\" decoding=\"async\" width=\"689\" height=\"814\" src=\"https:\/\/callapr.today\/wp-content\/uploads\/2025\/06\/banner-2.webp\" class=\"attachment-full size-full\" alt=\"\" srcset=\"https:\/\/callapr.today\/wp-content\/uploads\/2025\/06\/banner-2.webp 689w, https:\/\/callapr.today\/wp-content\/uploads\/2025\/06\/banner-2-254x300.webp 254w, https:\/\/callapr.today\/wp-content\/uploads\/2025\/06\/banner-2-677x800.webp 677w, https:\/\/callapr.today\/wp-content\/uploads\/2025\/06\/banner-2-430x508.webp 430w, https:\/\/callapr.today\/wp-content\/uploads\/2025\/06\/banner-2-150x177.webp 150w\" sizes=\"auto, (max-width: 689px) 100vw, 689px\" \/>\n\t\t\t\t\t<\/div>\n\t\t<\/div><\/div><\/div><\/div><div class=\"vc_row wpb_row vc_row-fluid vc_custom_1749450931136 vc_column-gap-35 vc_row-o-content-middle vc_row-flex wd-rs-684680a000658\"><div class=\"wpb_column vc_column_container vc_col-sm-6 reset-margin-mobile reset-margin-tablet wd-rs-684681a97d047\"><div class=\"vc_column-inner vc_custom_1749451182707\"><div class=\"wpb_wrapper\">\t\t<div id=\"wd-68467b0af2def\" class=\"wd-image wd-wpb wd-rs-68467b0af2def text-center vc_custom_1749449490575\">\n\t\t\t\n\t\t\t<img loading=\"lazy\" decoding=\"async\" width=\"689\" height=\"815\" src=\"https:\/\/callapr.today\/wp-content\/uploads\/2025\/06\/image3.png\" class=\"attachment-full size-full\" alt=\"\" srcset=\"https:\/\/callapr.today\/wp-content\/uploads\/2025\/06\/image3.png 689w, https:\/\/callapr.today\/wp-content\/uploads\/2025\/06\/image3-254x300.png 254w, https:\/\/callapr.today\/wp-content\/uploads\/2025\/06\/image3-676x800.png 676w, https:\/\/callapr.today\/wp-content\/uploads\/2025\/06\/image3-430x509.png 430w, https:\/\/callapr.today\/wp-content\/uploads\/2025\/06\/image3-150x177.png 150w, https:\/\/callapr.today\/wp-content\/uploads\/2025\/06\/image3-440x520.png 440w\" sizes=\"auto, (max-width: 689px) 100vw, 689px\" \/>\n\t\t\t\t\t<\/div>\n\t\t<\/div><\/div><\/div><div class=\"wpb_column wpb_animate_when_almost_visible wpb_fadeInRight fadeInRight vc_column_container vc_col-sm-6 wd-rs-68467bbd0d2aa\"><div class=\"vc_column-inner vc_custom_1749449666403\"><div class=\"wpb_wrapper\">\n\t\t<div id=\"wd-68467d22caaa6\" class=\"title-wrapper wd-wpb wd-set-mb reset-last-child  wd-rs-68467d22caaa6 wd-title-color-primary wd-title-style-simple text-left vc_custom_1749450027926 wd-underline-colored\">\n\t\t\t\n\t\t\t<div class=\"liner-continer\">\n\t\t\t\t<h4 class=\"woodmart-title-container title  wd-font-weight- wd-fontsize-xxxl\" >Por qu\u00e9 elegir <u>APR<\/u>?<\/h4>\n\t\t\t\t\t\t\t<\/div>\n\t\t\t\n\t\t\t\n\t\t\t\n\t\t<\/div>\n\t\t\n\t\t<div class=\"vc_row wpb_row vc_inner vc_row-fluid\"><div class=\"wpb_column vc_column_container vc_col-sm-12\"><div class=\"vc_column-inner vc_custom_1620650246735\"><div class=\"wpb_wrapper\">\n\t\t<ul class=\"wd-rs-686d60614ddd8 wd-list wd-wpb color-scheme- wd-fontsize-s wd-type-image wd-style-default text-left lista-items vc_custom_1751998567001\" id=\"wd-686d60614ddd8\">\n\t\t\t\t\t\t\t\t\t\t\t<li>\n\t\t\t\t\t<span class=\"wd-icon list-icon\"><img loading=\"lazy\" decoding=\"async\" width=\"20\" height=\"20\" src=\"https:\/\/callapr.today\/wp-content\/uploads\/2025\/06\/Sin-titulo1-20x20.webp\" class=\"attachment-20x20 size-20x20\" alt=\"\" srcset=\"https:\/\/callapr.today\/wp-content\/uploads\/2025\/06\/Sin-titulo1-20x20.webp 20w, https:\/\/callapr.today\/wp-content\/uploads\/2025\/06\/Sin-titulo1.webp 40w\" sizes=\"auto, (max-width: 20px) 100vw, 20px\" \/><\/span>\n\t\t\t\t\t<span class=\"wd-list-content list-content\"><strong>Equipo experimentado:<\/strong> Nuestro equipo combina precisi\u00f3n con experiencia\nexperiencia pr\u00e1ctica en construcci\u00f3n, garantizando que cada proyecto\nest\u00e1ndares de calidad y cumplimiento.\n<\/span>\n\t\t\t\t\t\t\t\t\t<\/li>\n\t\t\t\t\t\t\t\t\t\t\t<li>\n\t\t\t\t\t<span class=\"wd-icon list-icon\"><img loading=\"lazy\" decoding=\"async\" width=\"20\" height=\"20\" src=\"https:\/\/callapr.today\/wp-content\/uploads\/2025\/06\/Sin-titulo1-20x20.webp\" class=\"attachment-20x20 size-20x20\" alt=\"\" srcset=\"https:\/\/callapr.today\/wp-content\/uploads\/2025\/06\/Sin-titulo1-20x20.webp 20w, https:\/\/callapr.today\/wp-content\/uploads\/2025\/06\/Sin-titulo1.webp 40w\" sizes=\"auto, (max-width: 20px) 100vw, 20px\" \/><\/span>\n\t\t\t\t\t<span class=\"wd-list-content list-content\"><strong>Enfoque centrado en el cliente:<\/strong> Trabajamos en estrecha colaboraci\u00f3n con\npara entender sus necesidades espec\u00edficas y adaptar nuestros servicios a ellas.\nen consecuencia.\n<\/span>\n\t\t\t\t\t\t\t\t\t<\/li>\n\t\t\t\t\t\t\t\t\t\t\t<li>\n\t\t\t\t\t<span class=\"wd-icon list-icon\"><img loading=\"lazy\" decoding=\"async\" width=\"20\" height=\"20\" src=\"https:\/\/callapr.today\/wp-content\/uploads\/2025\/06\/Sin-titulo1-20x20.webp\" class=\"attachment-20x20 size-20x20\" alt=\"\" srcset=\"https:\/\/callapr.today\/wp-content\/uploads\/2025\/06\/Sin-titulo1-20x20.webp 20w, https:\/\/callapr.today\/wp-content\/uploads\/2025\/06\/Sin-titulo1.webp 40w\" sizes=\"auto, (max-width: 20px) 100vw, 20px\" \/><\/span>\n\t\t\t\t\t<span class=\"wd-list-content list-content\"><strong>Servicios integrales:<\/strong> Desde peque\u00f1as reparaciones hasta grandes reformas,\nofrecemos una amplia gama de servicios para mantener su propiedad en las mejores\ncondiciones.\n<\/span>\n\t\t\t\t\t\t\t\t\t<\/li>\n\t\t\t\t\t<\/ul>\n\t\t<div id=\"wd-68467b53cd80a\" class=\"wd-rs-68467b53cd80a  wd-button-wrapper text-left\"><a href=\"https:\/\/callapr.today\/es\/projects\/\" title=\"Proyectos\" class=\"btn btn-color-primary btn-style-default btn-shape-rectangle btn-size-default\">Nuestros proyectos<\/a><\/div><\/div><\/div><\/div><\/div><\/div><\/div><\/div><\/div><div data-vc-full-width=\"true\" data-vc-full-width-init=\"false\" class=\"vc_row wpb_row vc_row-fluid vc_custom_1750095534470 vc_row-has-fill wd-bg-center-center wd-rs-685056a7970de\"><div class=\"wpb_column vc_column_container vc_col-sm-12 color-scheme-light wd-rs-68467d722ccf9\"><div class=\"vc_column-inner vc_custom_1749450109211\"><div class=\"wpb_wrapper\">\n\t\t<div id=\"wd-68467dac4db5f\" class=\"title-wrapper wd-wpb wd-set-mb reset-last-child  wd-rs-68467dac4db5f wd-title-color-white wd-title-style-simple text-center  wd-underline-colored\">\n\t\t\t\t\t\t\t\n\t\t\t\t<div class=\"title-subtitle  subtitle-color-white font-alt subtitle-style-default wd-font-weight-700 wd-fontsize-m\">Nuestra cartera<\/div>\n\t\t\t\n\t\t\t<div class=\"liner-continer\">\n\t\t\t\t<h4 class=\"woodmart-title-container title  wd-font-weight- wd-fontsize-xxxl\" >Obras terminadas<\/h4>\n\t\t\t\t\t\t\t<\/div>\n\t\t\t\n\t\t\t\n\t\t\t\n\t\t<\/div>\n\t\t\n\t\t\t\t<div id=\"gallery_715\" class=\"wd-images-gallery wd-wpb wd-rs-68468a89ec012 img-portfolio wd-off-anim wpb_animate_when_almost_visible wpb_fadeInLeft fadeInLeft wd-anim-name_fadeInLeft photoswipe-images wd-carousel-container wd-wpb\" style=\"--wd-justify-content:center;--wd-align-items:center;\">\n\t\t\t\t\t\t\t<div class=\"wd-carousel-inner\">\n\t\t\t\n\t\t\t<div class=\"wd-carousel wd-grid scroll-init\"data-speed=\"5000\" data-wrap=\"yes\" data-autoplay=\"yes\" data-scroll_per_page=\"yes\" style=\"--wd-col-lg:4;--wd-col-md:3;--wd-col-sm:2;--wd-gap-lg:10px;\">\n\t\t\t\t\t\t\t\t\t<div class=\"wd-carousel-wrap\">\n\t\t\t\t\n\t\t\t\t\t\t\t\t\t\t\t\t\t\t\t<div class=\"wd-gallery-item wd-carousel-item\">\n\t\t\t\t\t\t\t\t\t\t\t\t\t\t<a href=\"https:\/\/callapr.today\/wp-content\/uploads\/2017\/06\/cid_833C2E68-C02F-43BD-AD86-2667F16E5BBE-scaled.jpeg\" data-elementor-open-lightbox=\"no\" data-index=\"1\" data-width=\"1920\" data-height=\"2560\" \n\t\t\t\t\t\t\t\t\t\t\t\t >\n\t\t\t\t\t\t\t\t\n\t\t\t\t\t\t\t\t<img loading=\"lazy\" decoding=\"async\" width=\"1920\" height=\"2560\" src=\"https:\/\/callapr.today\/wp-content\/uploads\/2017\/06\/cid_833C2E68-C02F-43BD-AD86-2667F16E5BBE-scaled.jpeg\" class=\"wd-gallery-image image-1\" alt=\"\" srcset=\"https:\/\/callapr.today\/wp-content\/uploads\/2017\/06\/cid_833C2E68-C02F-43BD-AD86-2667F16E5BBE-scaled.jpeg 1920w, https:\/\/callapr.today\/wp-content\/uploads\/2017\/06\/cid_833C2E68-C02F-43BD-AD86-2667F16E5BBE-225x300.jpeg 225w, https:\/\/callapr.today\/wp-content\/uploads\/2017\/06\/cid_833C2E68-C02F-43BD-AD86-2667F16E5BBE-600x800.jpeg 600w, https:\/\/callapr.today\/wp-content\/uploads\/2017\/06\/cid_833C2E68-C02F-43BD-AD86-2667F16E5BBE-768x1024.jpeg 768w, https:\/\/callapr.today\/wp-content\/uploads\/2017\/06\/cid_833C2E68-C02F-43BD-AD86-2667F16E5BBE-1152x1536.jpeg 1152w, https:\/\/callapr.today\/wp-content\/uploads\/2017\/06\/cid_833C2E68-C02F-43BD-AD86-2667F16E5BBE-1536x2048.jpeg 1536w, https:\/\/callapr.today\/wp-content\/uploads\/2017\/06\/cid_833C2E68-C02F-43BD-AD86-2667F16E5BBE-430x573.jpeg 430w, https:\/\/callapr.today\/wp-content\/uploads\/2017\/06\/cid_833C2E68-C02F-43BD-AD86-2667F16E5BBE-700x933.jpeg 700w, https:\/\/callapr.today\/wp-content\/uploads\/2017\/06\/cid_833C2E68-C02F-43BD-AD86-2667F16E5BBE-150x200.jpeg 150w\" sizes=\"auto, (max-width: 1920px) 100vw, 1920px\" \/>\n\t\t\t\t\t\t\t\t\t\t\t\t\t\t\t<\/a>\n\t\t\t\t\t\t\t\t\t\t\t\t<\/div>\n\t\t\t\t\t\t\t\t\t\t\t<div class=\"wd-gallery-item wd-carousel-item\">\n\t\t\t\t\t\t\t\t\t\t\t\t\t\t<a href=\"https:\/\/callapr.today\/wp-content\/uploads\/2017\/06\/cid_29FBF40F-D234-496B-BDFE-B5D9A0AEEF1B-rotated.jpeg\" data-elementor-open-lightbox=\"no\" data-index=\"2\" data-width=\"1512\" data-height=\"2016\" \n\t\t\t\t\t\t\t\t\t\t\t\t >\n\t\t\t\t\t\t\t\t\n\t\t\t\t\t\t\t\t<img loading=\"lazy\" decoding=\"async\" width=\"1512\" height=\"2016\" src=\"https:\/\/callapr.today\/wp-content\/uploads\/2017\/06\/cid_29FBF40F-D234-496B-BDFE-B5D9A0AEEF1B-rotated.jpeg\" class=\"wd-gallery-image image-2\" alt=\"\" srcset=\"https:\/\/callapr.today\/wp-content\/uploads\/2017\/06\/cid_29FBF40F-D234-496B-BDFE-B5D9A0AEEF1B-rotated.jpeg 1512w, https:\/\/callapr.today\/wp-content\/uploads\/2017\/06\/cid_29FBF40F-D234-496B-BDFE-B5D9A0AEEF1B-225x300.jpeg 225w, https:\/\/callapr.today\/wp-content\/uploads\/2017\/06\/cid_29FBF40F-D234-496B-BDFE-B5D9A0AEEF1B-600x800.jpeg 600w, https:\/\/callapr.today\/wp-content\/uploads\/2017\/06\/cid_29FBF40F-D234-496B-BDFE-B5D9A0AEEF1B-768x1024.jpeg 768w, https:\/\/callapr.today\/wp-content\/uploads\/2017\/06\/cid_29FBF40F-D234-496B-BDFE-B5D9A0AEEF1B-1152x1536.jpeg 1152w, https:\/\/callapr.today\/wp-content\/uploads\/2017\/06\/cid_29FBF40F-D234-496B-BDFE-B5D9A0AEEF1B-430x573.jpeg 430w, https:\/\/callapr.today\/wp-content\/uploads\/2017\/06\/cid_29FBF40F-D234-496B-BDFE-B5D9A0AEEF1B-700x933.jpeg 700w, https:\/\/callapr.today\/wp-content\/uploads\/2017\/06\/cid_29FBF40F-D234-496B-BDFE-B5D9A0AEEF1B-150x200.jpeg 150w\" sizes=\"auto, (max-width: 1512px) 100vw, 1512px\" \/>\n\t\t\t\t\t\t\t\t\t\t\t\t\t\t\t<\/a>\n\t\t\t\t\t\t\t\t\t\t\t\t<\/div>\n\t\t\t\t\t\t\t\t\t\t\t<div class=\"wd-gallery-item wd-carousel-item\">\n\t\t\t\t\t\t\t\t\t\t\t\t\t\t<a href=\"https:\/\/callapr.today\/wp-content\/uploads\/2017\/06\/4362d2e0-3567-4602-b7cd-b6eacdc04f98-scaled.jpeg\" data-elementor-open-lightbox=\"no\" data-index=\"3\" data-width=\"1920\" data-height=\"2560\" \n\t\t\t\t\t\t\t\t\t\t\t\t >\n\t\t\t\t\t\t\t\t\n\t\t\t\t\t\t\t\t<img loading=\"lazy\" decoding=\"async\" width=\"1920\" height=\"2560\" src=\"https:\/\/callapr.today\/wp-content\/uploads\/2017\/06\/4362d2e0-3567-4602-b7cd-b6eacdc04f98-scaled.jpeg\" class=\"wd-gallery-image image-3\" alt=\"\" srcset=\"https:\/\/callapr.today\/wp-content\/uploads\/2017\/06\/4362d2e0-3567-4602-b7cd-b6eacdc04f98-scaled.jpeg 1920w, https:\/\/callapr.today\/wp-content\/uploads\/2017\/06\/4362d2e0-3567-4602-b7cd-b6eacdc04f98-225x300.jpeg 225w, https:\/\/callapr.today\/wp-content\/uploads\/2017\/06\/4362d2e0-3567-4602-b7cd-b6eacdc04f98-600x800.jpeg 600w, https:\/\/callapr.today\/wp-content\/uploads\/2017\/06\/4362d2e0-3567-4602-b7cd-b6eacdc04f98-768x1024.jpeg 768w, https:\/\/callapr.today\/wp-content\/uploads\/2017\/06\/4362d2e0-3567-4602-b7cd-b6eacdc04f98-1152x1536.jpeg 1152w, https:\/\/callapr.today\/wp-content\/uploads\/2017\/06\/4362d2e0-3567-4602-b7cd-b6eacdc04f98-1536x2048.jpeg 1536w, https:\/\/callapr.today\/wp-content\/uploads\/2017\/06\/4362d2e0-3567-4602-b7cd-b6eacdc04f98-430x573.jpeg 430w, https:\/\/callapr.today\/wp-content\/uploads\/2017\/06\/4362d2e0-3567-4602-b7cd-b6eacdc04f98-700x933.jpeg 700w, https:\/\/callapr.today\/wp-content\/uploads\/2017\/06\/4362d2e0-3567-4602-b7cd-b6eacdc04f98-150x200.jpeg 150w\" sizes=\"auto, (max-width: 1920px) 100vw, 1920px\" \/>\n\t\t\t\t\t\t\t\t\t\t\t\t\t\t\t<\/a>\n\t\t\t\t\t\t\t\t\t\t\t\t<\/div>\n\t\t\t\t\t\t\t\t\t\t\t<div class=\"wd-gallery-item wd-carousel-item\">\n\t\t\t\t\t\t\t\t\t\t\t\t\t\t<a href=\"https:\/\/callapr.today\/wp-content\/uploads\/2017\/06\/cid_44E620C0-FDF1-4D34-AC53-390E894667EE-scaled.jpeg\" data-elementor-open-lightbox=\"no\" data-index=\"4\" data-width=\"1920\" data-height=\"2560\" \n\t\t\t\t\t\t\t\t\t\t\t\t >\n\t\t\t\t\t\t\t\t\n\t\t\t\t\t\t\t\t<img loading=\"lazy\" decoding=\"async\" width=\"1920\" height=\"2560\" src=\"https:\/\/callapr.today\/wp-content\/uploads\/2017\/06\/cid_44E620C0-FDF1-4D34-AC53-390E894667EE-scaled.jpeg\" class=\"wd-gallery-image image-4\" alt=\"\" srcset=\"https:\/\/callapr.today\/wp-content\/uploads\/2017\/06\/cid_44E620C0-FDF1-4D34-AC53-390E894667EE-scaled.jpeg 1920w, https:\/\/callapr.today\/wp-content\/uploads\/2017\/06\/cid_44E620C0-FDF1-4D34-AC53-390E894667EE-225x300.jpeg 225w, https:\/\/callapr.today\/wp-content\/uploads\/2017\/06\/cid_44E620C0-FDF1-4D34-AC53-390E894667EE-600x800.jpeg 600w, https:\/\/callapr.today\/wp-content\/uploads\/2017\/06\/cid_44E620C0-FDF1-4D34-AC53-390E894667EE-768x1024.jpeg 768w, https:\/\/callapr.today\/wp-content\/uploads\/2017\/06\/cid_44E620C0-FDF1-4D34-AC53-390E894667EE-1152x1536.jpeg 1152w, https:\/\/callapr.today\/wp-content\/uploads\/2017\/06\/cid_44E620C0-FDF1-4D34-AC53-390E894667EE-1536x2048.jpeg 1536w, https:\/\/callapr.today\/wp-content\/uploads\/2017\/06\/cid_44E620C0-FDF1-4D34-AC53-390E894667EE-430x573.jpeg 430w, https:\/\/callapr.today\/wp-content\/uploads\/2017\/06\/cid_44E620C0-FDF1-4D34-AC53-390E894667EE-700x933.jpeg 700w, https:\/\/callapr.today\/wp-content\/uploads\/2017\/06\/cid_44E620C0-FDF1-4D34-AC53-390E894667EE-150x200.jpeg 150w\" sizes=\"auto, (max-width: 1920px) 100vw, 1920px\" \/>\n\t\t\t\t\t\t\t\t\t\t\t\t\t\t\t<\/a>\n\t\t\t\t\t\t\t\t\t\t\t\t<\/div>\n\t\t\t\t\t\t\t\t\t\n\t\t\t\t\t\t\t\t\t<\/div>\n\t\t\t\t\t\t\t<\/div>\n\n\t\t\t\t\t\t\t\n\t\t\t\t<\/div>\n\n\t\t\t\t\t\t<div class=\"wd-nav-pagin-wrap text-center wd-style-shape wd-hide-md-sm\">\n\t\t\t<ul class=\"wd-nav-pagin\"><\/ul>\n\t\t<\/div>\n\t\t\t\t\t\t\t\t\t\t\t<\/div>\n\t\t<\/div><\/div><\/div><\/div><div class=\"vc_row-full-width vc_clearfix\"><\/div>\n<\/div>","protected":false},"excerpt":{"rendered":"Turning Your Vision into Reality with Apex Precision Renovations We believe every space has the potential to be something extraordinary.","protected":false},"author":1,"featured_media":0,"parent":0,"menu_order":0,"comment_status":"closed","ping_status":"closed","template":"","meta":{"footnotes":""},"class_list":["post-4803","page","type-page","status-publish","hentry"],"_links":{"self":[{"href":"https:\/\/callapr.today\/es\/wp-json\/wp\/v2\/pages\/4803","targetHints":{"allow":["GET"]}}],"collection":[{"href":"https:\/\/callapr.today\/es\/wp-json\/wp\/v2\/pages"}],"about":[{"href":"https:\/\/callapr.today\/es\/wp-json\/wp\/v2\/types\/page"}],"author":[{"embeddable":true,"href":"https:\/\/callapr.today\/es\/wp-json\/wp\/v2\/users\/1"}],"replies":[{"embeddable":true,"href":"https:\/\/callapr.today\/es\/wp-json\/wp\/v2\/comments?post=4803"}],"version-history":[{"count":0,"href":"https:\/\/callapr.today\/es\/wp-json\/wp\/v2\/pages\/4803\/revisions"}],"wp:attachment":[{"href":"https:\/\/callapr.today\/es\/wp-json\/wp\/v2\/media?parent=4803"}],"curies":[{"name":"wp","href":"https:\/\/api.w.org\/{rel}","templated":true}]}}